{"id":2,"date":"2023-02-01T09:25:34","date_gmt":"2023-02-01T09:25:34","guid":{"rendered":"https:\/\/www.giuliomarini.it\/?page_id=2"},"modified":"2023-02-02T09:51:08","modified_gmt":"2023-02-02T09:51:08","slug":"sample-page","status":"publish","type":"page","link":"https:\/\/www.giuliomarini.it\/","title":{"rendered":""},"content":{"rendered":"<div class=\"wp-block-image\">\n<figure class=\"aligncenter size-full is-resized\"><img loading=\"lazy\" decoding=\"async\" src=\"https:\/\/www.giuliomarini.it\/wp-content\/uploads\/2023\/02\/BANNER.jpg\" alt=\"\" class=\"wp-image-20\" width=\"605\" height=\"219\" srcset=\"https:\/\/www.giuliomarini.it\/wp-content\/uploads\/2023\/02\/BANNER.jpg 859w, https:\/\/www.giuliomarini.it\/wp-content\/uploads\/2023\/02\/BANNER-300x109.jpg 300w, https:\/\/www.giuliomarini.it\/wp-content\/uploads\/2023\/02\/BANNER-768x278.jpg 768w, https:\/\/www.giuliomarini.it\/wp-content\/uploads\/2023\/02\/BANNER-583x211.jpg 583w\" sizes=\"auto, (max-width: 605px) 100vw, 605px\" \/><\/figure>\n<\/div>\n\n\n<p class=\"has-text-align-center has-sitebg-color has-accent-1-background-color has-text-color has-background\" style=\"font-size:20px\"><strong>IL PROGRAMMA<\/strong><\/p>\n\n\n\n<div class=\"wp-block-media-text alignwide has-media-on-the-right is-stacked-on-mobile\" style=\"grid-template-columns:auto 40%\"><div class=\"wp-block-media-text__content\">\n<p class=\"has-text-color has-large-font-size\" style=\"color:#379444\">AGRICOLTURA<\/p>\n\n\n\n<p class=\"has-headings-color has-text-color has-normal-font-size\">L\u2019agricoltura \u00e8 un settore vitale per la Tuscia e abbiamo, perci\u00f2, il dovere di rilanciare il comparto agricolo, realizzando un modello di sviluppo moderno e sostenibile, che ponga al centro il supporto ad aziende e territorio.<\/p>\n\n\n\n<p class=\"has-headings-color has-text-color has-normal-font-size\">Dobbiamo rafforzare e valorizzare il tessuto produttivo e il primo strumento \u00e8 rappresentato dal Programma di Sviluppo Rurale (PSR), le cui procedure di finanziamento vanno semplificate e snellite, ampliando in modo significativo il numero degli agricoltori beneficiari dei fondi. \u00c8, poi, necessario reperire risorse significative, per sostenere i settori castanicolo e corilicolo.<\/p>\n\n\n\n<p><\/p>\n<\/div><figure class=\"wp-block-media-text__media\"><img loading=\"lazy\" decoding=\"async\" width=\"267\" height=\"239\" src=\"https:\/\/www.giuliomarini.it\/wp-content\/uploads\/2023\/02\/Giuliorecente-1.jpg\" alt=\"\" class=\"wp-image-12 size-full\"\/><\/figure><\/div>\n\n\n\n<p>E, visto che ci\u00f2 che ci distingue da altri Paesi \u00e8 la certificazione delle nostre variet\u00e0, va portata con forza all\u2019attenzione dell\u2019UE il livello di sicurezza alimentare, che non \u00e8 garantito dalle produzioni estere.<\/p>\n\n\n\n<p>Qualit\u00e0 e Sicurezza alimentare, infatti, sono gli aspetti su cui si giocher\u00e0 la partita dell\u2019alimentare nel mondo<\/p>\n\n\n\n<p><strong>Occorre <\/strong>anche lavorare su tutte le misure che implementano lo sviluppo sostenibile, in primo luogo sul fronte energetico, favorendo lo sviluppo e l\u2019utilizzo di energie rinnovabili ed emanando provvedimenti di Giunta<br>Regionale che diano attuazione all\u2019assegnazione del Reddito energetico nazionale. Va, poi, creato un fondo<br>assicurativo di solidariet\u00e0 dedicato al credito in agricoltura e al sostegno contro le calamit\u00e0 naturali, cos\u00ec come va affrontato con chiarezza ed efficacia il tema dei danni causati dalla fauna selvatica, in particolare dagli<br>ungulati, prevedendo risorse importanti, per ristorare gli agricoltori dai danni causati dalla fauna selvatica e per prevenire le \u201cinvasioni\u201d dei terreni coltivati. E c\u2019\u00e8 bisogno di un piano manutentivo \u201cvero\u201d degli alveoli e dei letti dei corsi d\u2019acqua, perch\u00e9 la sicurezza delle attivit\u00e0 agricole deve assurgere al primo posto degli interessi del Lazio.<br><strong>Tutto <\/strong>questo va di pari passo con la necessaria riforma dell\u2019Arsial: l\u2019Agenzia va rilanciata e deve tornare anche a svolgere un ruolo tecnico finalizzato alla ricerca, all\u2019innovazione e allo sviluppo dell\u2019agricoltura laziale.<br>E va ripresa, con grande forza, l\u2019attivit\u00e0 di dismissione del patrimonio fondiario dell\u2019Agenzia.<br><\/p>\n\n\n\n<p class=\"has-headings-color has-text-color\" style=\"font-size:18px\"><strong>Il rilancio <\/strong>delle politiche agricole deve rappresentare, in definitiva, una priorit\u00e0 dell\u2019azione di governo<br>dell\u2019amministrazione regionale di cui auspico fare parte. Non si tratta di promesse inattuabili, ma di interventi reali da realizzare con il mondo agricolo e sui quali sono pronto al confronto, anche critico, ma costruttivo e funzionale all\u2019obiettivo.<br><\/p>\n\n\n\n<p class=\"has-headings-color has-text-color\" style=\"font-size:18px\"><strong>Tutto <\/strong>quello che c\u2019\u00e8 da fare per il futuro dell\u2019agricoltura di questa Regione, vorrei farlo sulla base di una<br>concertazione progettuale forte e continua con chi rappresenta gli interessi delle imprese agricole e dei<br>consumatori su questo territorio.<br><\/p>\n\n\n\n<p class=\"has-headings-color has-text-color\" style=\"font-size:18px\"><strong>Un metodo <\/strong>di lavoro semplice e mirato per individuare obiettivi chiari, condivisi e raggiungibili, delimitare con trasparenza i campi di responsabilit\u00e0 e soprattutto indicare i tempi entro cui raggiungere tali obiettivi. Dobbiamo stringere, insomma, un vero patto tra istituzioni e operatori di settore, per un rilancio forte<br>dell\u2019agricoltura laziale.<\/p>\n\n\n<div class=\"wp-block-image\">\n<figure class=\"alignright size-full\"><img loading=\"lazy\" decoding=\"async\" width=\"251\" height=\"62\" src=\"https:\/\/www.giuliomarini.it\/wp-content\/uploads\/2023\/02\/FIRMA.jpg\" alt=\"\" class=\"wp-image-21\"\/><\/figure>\n<\/div>\n\n<div class=\"wp-block-image\">\n<figure class=\"aligncenter size-full\"><img loading=\"lazy\" decoding=\"async\" width=\"859\" height=\"311\" src=\"https:\/\/www.giuliomarini.it\/wp-content\/uploads\/2023\/02\/BANNER.jpg\" alt=\"\" class=\"wp-image-20\" srcset=\"https:\/\/www.giuliomarini.it\/wp-content\/uploads\/2023\/02\/BANNER.jpg 859w, https:\/\/www.giuliomarini.it\/wp-content\/uploads\/2023\/02\/BANNER-300x109.jpg 300w, https:\/\/www.giuliomarini.it\/wp-content\/uploads\/2023\/02\/BANNER-768x278.jpg 768w, https:\/\/www.giuliomarini.it\/wp-content\/uploads\/2023\/02\/BANNER-583x211.jpg 583w\" sizes=\"auto, (max-width: 859px) 100vw, 859px\" \/><\/figure>\n<\/div>","protected":false},"excerpt":{"rendered":"<p>IL PROGRAMMA AGRICOLTURA L\u2019agricoltura \u00e8 un settore vitale per la Tuscia e abbiamo, perci\u00f2, il dovere di rilanciare il comparto agricolo, realizzando un modello di &hellip;<\/p>\n","protected":false},"author":1,"featured_media":0,"parent":0,"menu_order":0,"comment_status":"closed","ping_status":"open","template":"","meta":{"footnotes":""},"class_list":["post-2","page","type-page","status-publish","hentry"],"_links":{"self":[{"href":"https:\/\/www.giuliomarini.it\/index.php\/wp-json\/wp\/v2\/pages\/2","targetHints":{"allow":["GET"]}}],"collection":[{"href":"https:\/\/www.giuliomarini.it\/index.php\/wp-json\/wp\/v2\/pages"}],"about":[{"href":"https:\/\/www.giuliomarini.it\/index.php\/wp-json\/wp\/v2\/types\/page"}],"author":[{"embeddable":true,"href":"https:\/\/www.giuliomarini.it\/index.php\/wp-json\/wp\/v2\/users\/1"}],"replies":[{"embeddable":true,"href":"https:\/\/www.giuliomarini.it\/index.php\/wp-json\/wp\/v2\/comments?post=2"}],"version-history":[{"count":6,"href":"https:\/\/www.giuliomarini.it\/index.php\/wp-json\/wp\/v2\/pages\/2\/revisions"}],"predecessor-version":[{"id":42,"href":"https:\/\/www.giuliomarini.it\/index.php\/wp-json\/wp\/v2\/pages\/2\/revisions\/42"}],"wp:attachment":[{"href":"https:\/\/www.giuliomarini.it\/index.php\/wp-json\/wp\/v2\/media?parent=2"}],"curies":[{"name":"wp","href":"https:\/\/api.w.org\/{rel}","templated":true}]}}